{"id":434,"date":"2020-02-25T08:20:01","date_gmt":"2020-02-25T07:20:01","guid":{"rendered":"http:\/\/www.boria-supervision.at\/?page_id=434"},"modified":"2025-11-23T10:35:28","modified_gmt":"2025-11-23T09:35:28","slug":"impressum-datenschutz","status":"publish","type":"page","link":"https:\/\/www.boria-supervision.at\/?page_id=434","title":{"rendered":"Impressum &#038; Datenschutz"},"content":{"rendered":"[et_pb_section fb_built=&#8220;1&#8243; custom_padding_last_edited=&#8220;on|tablet&#8220; admin_label=&#8220;About Me&#8220; module_id=&#8220;Angebot&#8220; _builder_version=&#8220;4.16&#8243; background_color=&#8220;#fafafa&#8220; custom_padding=&#8220;7vw|0px|0vw|0px|false|false&#8220; custom_padding_tablet=&#8220;||10vw|&#8220; custom_padding_phone=&#8220;&#8220; top_divider_height=&#8220;6vw&#8220; top_divider_flip=&#8220;vertical&#8220; bottom_divider_height=&#8220;10vw&#8220; bottom_divider_repeat=&#8220;0.5x&#8220; bottom_divider_flip=&#8220;horizontal&#8220; global_colors_info=&#8220;{}&#8220;][et_pb_row _builder_version=&#8220;4.16&#8243; width=&#8220;77.7%&#8220; custom_padding=&#8220;||21px|||&#8220; global_colors_info=&#8220;{}&#8220;][et_pb_column type=&#8220;4_4&#8243; _builder_version=&#8220;4.16&#8243; custom_padding=&#8220;15px|||&#8220; global_colors_info=&#8220;{}&#8220; custom_padding__hover=&#8220;|||&#8220;][et_pb_text _builder_version=&#8220;4.16&#8243; text_font=&#8220;||||||||&#8220; text_line_height=&#8220;2em&#8220; header_font=&#8220;Vollkorn||||||||&#8220; header_2_font=&#8220;Merriweather||||||||&#8220; header_3_font=&#8220;Merriweather|700|||||||&#8220; header_3_font_size=&#8220;30px&#8220; header_3_line_height=&#8220;1.6em&#8220; header_4_font=&#8220;Merriweather|700|||||||&#8220; header_4_text_color=&#8220;#15c39a&#8220; header_4_line_height=&#8220;1.8em&#8220; text_orientation=&#8220;center&#8220; max_width=&#8220;500px&#8220; max_width_tablet=&#8220;236%&#8220; max_width_phone=&#8220;&#8220; max_width_last_edited=&#8220;on|desktop&#8220; module_alignment=&#8220;left&#8220; min_height=&#8220;64px&#8220; custom_margin=&#8220;||-2px|||&#8220; custom_padding=&#8220;||2px|||&#8220; header_3_font_size_tablet=&#8220;&#8220; header_3_font_size_phone=&#8220;16px&#8220; header_3_font_size_last_edited=&#8220;on|desktop&#8220; header_4_font_size_tablet=&#8220;&#8220; header_4_font_size_phone=&#8220;14px&#8220; header_4_font_size_last_edited=&#8220;on|phone&#8220; locked=&#8220;off&#8220; global_colors_info=&#8220;{}&#8220;]<h4 style=\"text-align: left;\"><span style=\"color: #003ea1; font-size: xx-large;\">Boria Supervision &amp; Coaching\n<\/span><\/h4>[\/et_pb_text][et_pb_text _builder_version=&#8220;4.24.2&#8243; text_font=&#8220;Open Sans||||||||&#8220; text_line_height=&#8220;1em&#8220; header_font=&#8220;Vollkorn||||||||&#8220; header_2_font=&#8220;Merriweather|700|||||||&#8220; header_2_font_size=&#8220;36px&#8220; header_2_line_height=&#8220;1.6em&#8220; max_width=&#8220;600px&#8220; custom_margin=&#8220;5px|||||&#8220; header_2_font_size_tablet=&#8220;&#8220; header_2_font_size_phone=&#8220;20px&#8220; header_2_font_size_last_edited=&#8220;on|phone&#8220; locked=&#8220;off&#8220; global_colors_info=&#8220;{}&#8220;]<p>Dominik Boria<\/p>\n<p><span>Hofstatt 4, 3100 <\/span>St. P\u00f6lten<\/p>\n<p>Supervision &amp; Coaching<\/p>\n<p>Die Adresse unserer Website ist:<\/p>\n<p><a href=\"http:\/\/www.boria-supervision.at\">http:\/\/www.boria-supervision.at<\/a><span lang=\"DE-AT\">\u00a0<\/span><\/p>\n<p><!-- \/wp:post-content --><!-- wp:paragraph --><\/p>[\/et_pb_text][et_pb_text _builder_version=&#8220;4.16&#8243; text_font=&#8220;Open Sans||||||||&#8220; text_line_height=&#8220;2em&#8220; header_font=&#8220;Vollkorn||||||||&#8220; header_2_font=&#8220;Merriweather|700|||||||&#8220; header_2_font_size=&#8220;36px&#8220; header_2_line_height=&#8220;1.6em&#8220; max_width=&#8220;600px&#8220; header_2_font_size_tablet=&#8220;&#8220; header_2_font_size_phone=&#8220;20px&#8220; header_2_font_size_last_edited=&#8220;on|phone&#8220; locked=&#8220;off&#8220; global_colors_info=&#8220;{}&#8220;]<h2><span style=\"font-size: x-large;\">Datenschutz<br \/><\/span><\/h2>\n<p data-start=\"473\" data-end=\"780\">Der Schutz Ihrer pers\u00f6nlichen Daten ist uns ein besonderes Anliegen. Wir verarbeiten Ihre Daten daher ausschlie\u00dflich auf Grundlage der gesetzlichen Bestimmungen (DSGVO, TKG 2021). In dieser Datenschutzerkl\u00e4rung informieren wir Sie \u00fcber die wichtigsten Aspekte der Datenverarbeitung im Rahmen dieser Website.<\/p>[\/et_pb_text][et_pb_text _builder_version=&#8220;4.27.4&#8243; text_font=&#8220;Open Sans||||||||&#8220; text_line_height=&#8220;2em&#8220; header_font=&#8220;Vollkorn||||||||&#8220; header_2_font=&#8220;Merriweather|700|||||||&#8220; header_2_font_size=&#8220;36px&#8220; header_2_line_height=&#8220;1.6em&#8220; max_width=&#8220;600px&#8220; hover_enabled=&#8220;0&#8243; header_2_font_size_tablet=&#8220;&#8220; header_2_font_size_phone=&#8220;20px&#8220; header_2_font_size_last_edited=&#8220;on|phone&#8220; locked=&#8220;off&#8220; global_colors_info=&#8220;{}&#8220; sticky_enabled=&#8220;0&#8243;]<h2><span style=\"font-size: x-large;\">Kontakt mit uns<br \/><\/span><\/h2>\n<p data-start=\"811\" data-end=\"1236\">Wenn Sie per E-Mail Kontakt mit uns aufnehmen, werden die von Ihnen angegebenen personenbezogenen Daten (z. B. Name, E-Mail-Adresse, Inhalt der Nachricht) zum Zweck der Bearbeitung Ihrer Anfrage und f\u00fcr den Fall von Anschlussfragen verarbeitet.<br data-start=\"1055\" data-end=\"1058\" \/>Rechtsgrundlage daf\u00fcr ist Art. 6 Abs. 1 lit. b DSGVO (vorvertragliche Kommunikation) sowie Art. 6 Abs. 1 lit. f DSGVO (berechtigtes Interesse an einer effizienten Kommunikation).<\/p>\n<p data-start=\"1238\" data-end=\"1472\">Ihre Daten werden nur so lange gespeichert, wie dies f\u00fcr die Bearbeitung Ihrer Anfrage erforderlich ist. Eine Weitergabe an Dritte erfolgt nicht, au\u00dfer dies ist f\u00fcr die Erf\u00fcllung Ihrer Anfrage notwendig oder gesetzlich vorgeschrieben.<\/p>[\/et_pb_text][et_pb_text _builder_version=&#8220;4.27.4&#8243; text_font=&#8220;Open Sans||||||||&#8220; text_line_height=&#8220;2em&#8220; header_font=&#8220;Vollkorn||||||||&#8220; header_2_font=&#8220;Merriweather|700|||||||&#8220; header_2_font_size=&#8220;36px&#8220; header_2_line_height=&#8220;1.6em&#8220; max_width=&#8220;600px&#8220; hover_enabled=&#8220;0&#8243; header_2_font_size_tablet=&#8220;&#8220; header_2_font_size_phone=&#8220;20px&#8220; header_2_font_size_last_edited=&#8220;on|phone&#8220; locked=&#8220;off&#8220; global_colors_info=&#8220;{}&#8220; sticky_enabled=&#8220;0&#8243;]<h2><span style=\"font-size: x-large;\">E-Mail-Verarbeitung \u00fcber Google Workspace<br \/><\/span><\/h2>\n<p data-start=\"1529\" data-end=\"1836\">Wir verwenden f\u00fcr den Versand und Empfang von E-Mails <strong data-start=\"1583\" data-end=\"1603\">Google Workspace<\/strong>, einen Dienst der Google Ireland Limited (Gordon House, Barrow Street, Dublin 4, Irland).<br data-start=\"1693\" data-end=\"1696\" \/>In diesem Rahmen k\u00f6nnen personenbezogene Daten (z. B. Name, E-Mail-Adresse, Inhalt der Nachricht) auf Servern von Google verarbeitet werden.<\/p>\n<p data-start=\"1838\" data-end=\"2062\">Google handelt dabei als unser <strong data-start=\"1869\" data-end=\"1912\">Auftragsverarbeiter gem\u00e4\u00df Art. 28 DSGVO<\/strong>.<br data-start=\"1913\" data-end=\"1916\" \/>Wir haben mit Google ein entsprechendes Data Processing Agreement (DPA) abgeschlossen, welches die datenschutzkonforme Verarbeitung gew\u00e4hrleistet.<\/p>\n<p data-start=\"2064\" data-end=\"2296\">Die Datenverarbeitung erfolgt auf Grundlage von Art. 6 Abs. 1 lit. b DSGVO (Kommunikation im Rahmen vorvertraglicher T\u00e4tigkeiten) und Art. 6 Abs. 1 lit. f DSGVO (berechtigtes Interesse an einer professionellen E-Mail-Kommunikation).<\/p>[\/et_pb_text][et_pb_text _builder_version=&#8220;4.27.4&#8243; text_font=&#8220;Open Sans||||||||&#8220; text_line_height=&#8220;2em&#8220; header_font=&#8220;Vollkorn||||||||&#8220; header_2_font=&#8220;Merriweather|700|||||||&#8220; header_2_font_size=&#8220;36px&#8220; header_2_line_height=&#8220;1.6em&#8220; max_width=&#8220;600px&#8220; hover_enabled=&#8220;0&#8243; header_2_font_size_tablet=&#8220;&#8220; header_2_font_size_phone=&#8220;20px&#8220; header_2_font_size_last_edited=&#8220;on|phone&#8220; locked=&#8220;off&#8220; global_colors_info=&#8220;{}&#8220; sticky_enabled=&#8220;0&#8243;]<h2><span style=\"font-size: x-large;\">Cookies<br \/><\/span><\/h2>\n<p data-start=\"2319\" data-end=\"2441\">Diese Website verwendet <strong data-start=\"2343\" data-end=\"2390\">ausschlie\u00dflich technisch notwendige Cookies<\/strong>, um die Grundfunktionen der Seite sicherzustellen.<\/p>\n<h3 data-start=\"2443\" data-end=\"2460\"><strong data-start=\"2447\" data-end=\"2460\">PHPSESSID<\/strong><\/h3>\n<ul data-start=\"2461\" data-end=\"2726\">\n<li data-start=\"2461\" data-end=\"2575\">\n<p data-start=\"2463\" data-end=\"2575\">Zweck: Aufrechterhaltung der technischen Session des Servers (z. B. zur Darstellung und Navigation der Seite).<\/p>\n<\/li>\n<li data-start=\"2576\" data-end=\"2685\">\n<p data-start=\"2578\" data-end=\"2685\">Rechtsgrundlage: \u00a7 96 Abs. 3 TKG 2021 (unbedingt erforderliche Cookies) sowie Art. 6 Abs. 1 lit. f DSGVO.<\/p>\n<\/li>\n<li data-start=\"2686\" data-end=\"2726\">\n<p data-start=\"2688\" data-end=\"2726\">Dauer: Bis zum Schlie\u00dfen des Browsers.<\/p>\n<\/li>\n<\/ul>\n<p data-start=\"2728\" data-end=\"2815\">Es werden <strong data-start=\"2738\" data-end=\"2806\">keine Analyse-, Tracking-, Marketing- oder Drittanbieter-Cookies<\/strong> gesetzt.<\/p>[\/et_pb_text][et_pb_text _builder_version=&#8220;4.27.4&#8243; text_font=&#8220;Open Sans||||||||&#8220; text_line_height=&#8220;2em&#8220; header_font=&#8220;Vollkorn||||||||&#8220; header_2_font=&#8220;Merriweather|700|||||||&#8220; header_2_font_size=&#8220;36px&#8220; header_2_line_height=&#8220;1.6em&#8220; max_width=&#8220;600px&#8220; hover_enabled=&#8220;0&#8243; header_2_font_size_tablet=&#8220;&#8220; header_2_font_size_phone=&#8220;20px&#8220; header_2_font_size_last_edited=&#8220;on|phone&#8220; locked=&#8220;off&#8220; global_colors_info=&#8220;{}&#8220; sticky_enabled=&#8220;0&#8243;]<h2><span style=\"font-size: x-large;\">Server-Logfiles<\/span><\/h2>\n<p data-start=\"2846\" data-end=\"3022\">Der Hosting-Anbieter dieser Website erhebt und speichert automatisch Informationen in sogenannten Server-Logfiles, die Ihr Browser automatisch \u00fcbermittelt. Dazu k\u00f6nnen geh\u00f6ren:<\/p>\n<ul data-start=\"3024\" data-end=\"3198\">\n<li data-start=\"3024\" data-end=\"3092\">\n<p data-start=\"3026\" data-end=\"3092\">IP-Adresse (gek\u00fcrzt oder kurzfristig zur technischen Sicherheit)<\/p>\n<\/li>\n<li data-start=\"3093\" data-end=\"3120\">\n<p data-start=\"3095\" data-end=\"3120\">Browsertyp und -version<\/p>\n<\/li>\n<li data-start=\"3121\" data-end=\"3151\">\n<p data-start=\"3123\" data-end=\"3151\">verwendetes Betriebssystem<\/p>\n<\/li>\n<li data-start=\"3152\" data-end=\"3168\">\n<p data-start=\"3154\" data-end=\"3168\">Referrer URL<\/p>\n<\/li>\n<li data-start=\"3169\" data-end=\"3198\">\n<p data-start=\"3171\" data-end=\"3198\">Uhrzeit der Serveranfrage<\/p>\n<\/li>\n<\/ul>\n<p data-start=\"3200\" data-end=\"3350\">Diese Daten sind technisch erforderlich, um die Sicherheit und Stabilit\u00e4t der Website zu gew\u00e4hrleisten.<br data-start=\"3303\" data-end=\"3306\" \/>Rechtsgrundlage: Art. 6 Abs. 1 lit. f DSGVO.<\/p>[\/et_pb_text][et_pb_text _builder_version=&#8220;4.27.4&#8243; text_font=&#8220;Open Sans||||||||&#8220; text_line_height=&#8220;2em&#8220; header_font=&#8220;Vollkorn||||||||&#8220; header_2_font=&#8220;Merriweather|700|||||||&#8220; header_2_font_size=&#8220;36px&#8220; header_2_line_height=&#8220;1.6em&#8220; max_width=&#8220;600px&#8220; hover_enabled=&#8220;0&#8243; header_2_font_size_tablet=&#8220;&#8220; header_2_font_size_phone=&#8220;20px&#8220; header_2_font_size_last_edited=&#8220;on|phone&#8220; locked=&#8220;off&#8220; global_colors_info=&#8220;{}&#8220; sticky_enabled=&#8220;0&#8243;]<h2><span style=\"font-size: x-large;\">Ihre Rechte<br \/><\/span><\/h2>\n<p data-start=\"3377\" data-end=\"3423\">Ihnen stehen grunds\u00e4tzlich folgende Rechte zu:<\/p>\n<ul data-start=\"3425\" data-end=\"3632\">\n<li data-start=\"3425\" data-end=\"3447\">\n<p data-start=\"3427\" data-end=\"3447\">Recht auf Auskunft<\/p>\n<\/li>\n<li data-start=\"3448\" data-end=\"3474\">\n<p data-start=\"3450\" data-end=\"3474\">Recht auf Berichtigung<\/p>\n<\/li>\n<li data-start=\"3475\" data-end=\"3497\">\n<p data-start=\"3477\" data-end=\"3497\">Recht auf L\u00f6schung<\/p>\n<\/li>\n<li data-start=\"3498\" data-end=\"3525\">\n<p data-start=\"3500\" data-end=\"3525\">Recht auf Einschr\u00e4nkung<\/p>\n<\/li>\n<li data-start=\"3526\" data-end=\"3560\">\n<p data-start=\"3528\" data-end=\"3560\">Recht auf Daten\u00fcbertragbarkeit<\/p>\n<\/li>\n<li data-start=\"3561\" data-end=\"3586\">\n<p data-start=\"3563\" data-end=\"3586\">Recht auf Widerspruch<\/p>\n<\/li>\n<li data-start=\"3587\" data-end=\"3632\">\n<p data-start=\"3589\" data-end=\"3632\">Recht auf Widerruf erteilter Einwilligungen<\/p>\n<\/li>\n<\/ul>\n<p data-start=\"3634\" data-end=\"3920\">Wenn Sie glauben, dass die Verarbeitung Ihrer Daten gegen das Datenschutzrecht verst\u00f6\u00dft oder Ihre datenschutzrechtlichen Anspr\u00fcche verletzt worden sind, k\u00f6nnen Sie sich bei der zust\u00e4ndigen Aufsichtsbeh\u00f6rde beschweren.<br data-start=\"3851\" data-end=\"3854\" \/>In \u00d6sterreich ist dies die <strong data-start=\"3881\" data-end=\"3903\">Datenschutzbeh\u00f6rde<\/strong> (<a data-start=\"3905\" data-end=\"3918\" rel=\"noopener\" target=\"_new\" class=\"decorated-link\" href=\"http:\/\/www.dsb.gv.at\">www.dsb.gv.at<span aria-hidden=\"true\" class=\"ms-0.5 inline-block align-middle leading-none\"><svg width=\"20\" height=\"20\" viewbox=\"0 0 20 20\" fill=\"currentColor\" xmlns=\"http:\/\/www.w3.org\/2000\/svg\" data-rtl-flip=\"\" class=\"block h-[0.75em] w-[0.75em] stroke-current stroke-[0.75]\"><path d=\"M14.3349 13.3301V6.60645L5.47065 15.4707C5.21095 15.7304 4.78895 15.7304 4.52925 15.4707C4.26955 15.211 4.26955 14.789 4.52925 14.5293L13.3935 5.66504H6.66011C6.29284 5.66504 5.99507 5.36727 5.99507 5C5.99507 4.63273 6.29284 4.33496 6.66011 4.33496H14.9999L15.1337 4.34863C15.4369 4.41057 15.665 4.67857 15.665 5V13.3301C15.6649 13.6973 15.3672 13.9951 14.9999 13.9951C14.6327 13.9951 14.335 13.6973 14.3349 13.3301Z\"><\/path><\/svg><\/span><\/a>).<\/p>[\/et_pb_text][et_pb_text _builder_version=&#8220;4.27.4&#8243; text_font=&#8220;Open Sans||||||||&#8220; text_line_height=&#8220;2em&#8220; header_font=&#8220;Vollkorn||||||||&#8220; header_2_font=&#8220;Merriweather|700|||||||&#8220; header_2_font_size=&#8220;36px&#8220; header_2_line_height=&#8220;1.6em&#8220; max_width=&#8220;600px&#8220; hover_enabled=&#8220;0&#8243; header_2_font_size_tablet=&#8220;&#8220; header_2_font_size_phone=&#8220;20px&#8220; header_2_font_size_last_edited=&#8220;on|phone&#8220; locked=&#8220;off&#8220; global_colors_info=&#8220;{}&#8220; sticky_enabled=&#8220;0&#8243;]<h2><span style=\"font-size: x-large;\">Verantwortlich f\u00fcr die Datenverarbeitung<\/span><\/h2>\n<p data-start=\"3377\" data-end=\"3423\">Dominik Boria<br data-start=\"3989\" data-end=\"3992\" \/>Boria Supervision &amp; Coaching<br data-start=\"4020\" data-end=\"4023\" \/>E-Mail: <a href=\"mailto:office@boria-supervision.at\">office@boria-supervision.at<\/a><\/p>\n<p data-start=\"3377\" data-end=\"3423\">\n<p data-start=\"3377\" data-end=\"3423\">Stand der Datenschutzerkl\u00e4rung:<\/p>\n<p data-start=\"3377\" data-end=\"3423\">November 2025<\/p>\n<p data-start=\"3377\" data-end=\"3423\">Wir behalten uns vor, diese Datenschutzerkl\u00e4rung bei technischen oder rechtlichen \u00c4nderungen anzupassen.<\/p>[\/et_pb_text][et_pb_text _builder_version=&#8220;4.16&#8243; text_font=&#8220;Open Sans||||||||&#8220; text_line_height=&#8220;2em&#8220; header_font=&#8220;Vollkorn||||||||&#8220; header_2_font=&#8220;Merriweather|700|||||||&#8220; header_2_font_size=&#8220;36px&#8220; header_2_line_height=&#8220;1.6em&#8220; max_width=&#8220;600px&#8220; header_2_font_size_tablet=&#8220;&#8220; header_2_font_size_phone=&#8220;20px&#8220; header_2_font_size_last_edited=&#8220;on|phone&#8220; locked=&#8220;off&#8220; global_colors_info=&#8220;{}&#8220;]<p>\u00a9 2020 Dominik Boria. Alle Rechte vorbehalten.<\/p>\n<p>&nbsp;<\/p>\n<p><span lang=\"DE-AT\">\u00a0<\/span><\/p>[\/et_pb_text][\/et_pb_column][\/et_pb_row][\/et_pb_section][et_pb_section fb_built=&#8220;1&#8243; admin_label=&#8220;Footer&#8220; module_id=&#8220;Kontakt&#8220; _builder_version=&#8220;4.16&#8243; background_color=&#8220;#f9f9f4&#8243; use_background_color_gradient=&#8220;on&#8220; background_color_gradient_type=&#8220;circular&#8220; background_color_gradient_direction_radial=&#8220;top&#8220; background_color_gradient_stops=&#8220;rgba(249,249,244,0.32) 50%|#ffffff 100%&#8220; background_color_gradient_overlays_image=&#8220;on&#8220; background_color_gradient_start=&#8220;rgba(249,249,244,0.32)&#8220; background_color_gradient_start_position=&#8220;50%&#8220; background_color_gradient_end=&#8220;#ffffff&#8220; background_image=&#8220;http:\/\/www.boria-supervision.at\/wp-content\/uploads\/2020\/02\/IMG-20200127-WA0038.jpg&#8220; background_position=&#8220;top_center&#8220; max_width=&#8220;1220px&#8220; module_alignment=&#8220;center&#8220; min_height=&#8220;726px&#8220; custom_margin=&#8220;0px||0px||true|false&#8220; custom_padding=&#8220;81px|8.9%||8.9%|false|true&#8220; animation_style=&#8220;zoom&#8220; animation_intensity_zoom=&#8220;10%&#8220; saved_tabs=&#8220;all&#8220; locked=&#8220;off&#8220; global_colors_info=&#8220;{}&#8220;][et_pb_row column_structure=&#8220;1_3,1_3,1_3&#8243; use_custom_gutter=&#8220;on&#8220; gutter_width=&#8220;2&#8243; custom_padding_last_edited=&#8220;on|desktop&#8220; _builder_version=&#8220;4.16&#8243; background_color=&#8220;#ffffff&#8220; width=&#8220;100%&#8220; width_tablet=&#8220;49%&#8220; width_phone=&#8220;63%&#8220; width_last_edited=&#8220;on|phone&#8220; max_width_tablet=&#8220;2560%&#8220; max_width_phone=&#8220;&#8220; max_width_last_edited=&#8220;on|desktop&#8220; module_alignment=&#8220;center&#8220; min_height=&#8220;82px&#8220; custom_margin=&#8220;-81px|23px|-42px|auto||&#8220; custom_margin_tablet=&#8220;&#8220; custom_margin_phone=&#8220;&#8220; custom_margin_last_edited=&#8220;on|desktop&#8220; custom_padding=&#8220;25px||25px|36px|true|&#8220; custom_padding_tablet=&#8220;|||38px&#8220; custom_padding_phone=&#8220;25px||25px|10px|true|&#8220; border_radii=&#8220;|||10px|10px&#8220; border_width_all=&#8220;25px&#8220; border_color_all=&#8220;#ffffff&#8220; border_width_bottom=&#8220;4px&#8220; border_color_bottom=&#8220;#ffffff&#8220; global_colors_info=&#8220;{}&#8220;][et_pb_column type=&#8220;1_3&#8243; _builder_version=&#8220;4.16&#8243; custom_padding=&#8220;|||0px&#8220; custom_padding_tablet=&#8220;|||0px&#8220; custom_padding_phone=&#8220;|||0px&#8220; custom_padding_last_edited=&#8220;on|desktop&#8220; global_colors_info=&#8220;{}&#8220; custom_padding__hover=&#8220;|||&#8220;][et_pb_blurb title=&#8220;Email&#8220; use_icon=&#8220;on&#8220; font_icon=&#8220;&#xe076;||divi||400&#8243; icon_color=&#8220;#ffffff&#8220; image_icon_background_color=&#8220;#f5ba6a&#8220; icon_placement=&#8220;left&#8220; image_icon_width=&#8220;16px&#8220; content_max_width=&#8220;300px&#8220; _builder_version=&#8220;4.16&#8243; header_font=&#8220;Vollkorn|700||on|||||&#8220; header_text_color=&#8220;#000000&#8243; header_font_size=&#8220;11px&#8220; header_letter_spacing=&#8220;1px&#8220; header_line_height=&#8220;2em&#8220; body_font=&#8220;||||||||&#8220; body_font_size=&#8220;15px&#8220; body_line_height=&#8220;1.6em&#8220; image_icon_custom_padding=&#8220;8px|8px|8px|8px|false|false&#8220; width=&#8220;100%&#8220; custom_padding=&#8220;|||&#8220; animation=&#8220;off&#8220; border_radii=&#8220;on|10px|10px|10px|10px&#8220; border_radii_image=&#8220;on|100%|100%|100%|100%&#8220; use_circle=&#8220;on&#8220; circle_color=&#8220;#f5ba6a&#8220; locked=&#8220;off&#8220; global_colors_info=&#8220;{}&#8220; image_icon_background_color__sticky_enabled=&#8220;#2ea3f2&#8243; image_icon_background_color__sticky=&#8220;#2ea3f2&#8243;]office@boria-supervision.at[\/et_pb_blurb][\/et_pb_column][et_pb_column type=&#8220;1_3&#8243; _builder_version=&#8220;4.16&#8243; custom_padding=&#8220;|||&#8220; global_colors_info=&#8220;{}&#8220; custom_padding__hover=&#8220;|||&#8220;][et_pb_blurb title=&#8220;Telefon&#8220; use_icon=&#8220;on&#8220; font_icon=&#8220;&#xe090;||divi||400&#8243; icon_color=&#8220;#ffffff&#8220; image_icon_background_color=&#8220;#cc6b59&#8243; icon_placement=&#8220;left&#8220; image_icon_width=&#8220;16px&#8220; content_max_width=&#8220;300px&#8220; _builder_version=&#8220;4.16&#8243; header_level=&#8220;h5&#8243; header_font=&#8220;Vollkorn|700||on|||||&#8220; header_text_color=&#8220;#000000&#8243; header_font_size=&#8220;11px&#8220; header_letter_spacing=&#8220;1px&#8220; header_line_height=&#8220;2em&#8220; body_font=&#8220;||||||||&#8220; body_font_size=&#8220;15px&#8220; body_line_height=&#8220;1.6em&#8220; image_icon_custom_padding=&#8220;8px|8px|8px|8px|false|false&#8220; custom_padding=&#8220;|||&#8220; animation=&#8220;off&#8220; border_radii=&#8220;on|10px|10px|10px|10px&#8220; border_radii_image=&#8220;on|100%|100%|100%|100%&#8220; use_circle=&#8220;on&#8220; circle_color=&#8220;#cc6b59&#8243; locked=&#8220;off&#8220; global_colors_info=&#8220;{}&#8220; image_icon_background_color__sticky_enabled=&#8220;#2ea3f2&#8243; image_icon_background_color__sticky=&#8220;#2ea3f2&#8243;]+43 660 8168 262[\/et_pb_blurb][\/et_pb_column][et_pb_column type=&#8220;1_3&#8243; _builder_version=&#8220;4.16&#8243; custom_padding=&#8220;|||&#8220; global_colors_info=&#8220;{}&#8220; custom_padding__hover=&#8220;|||&#8220;][et_pb_blurb title=&#8220;Standort&#8220; use_icon=&#8220;on&#8220; font_icon=&#8220;&#xe081;||divi||400&#8243; icon_color=&#8220;#ffffff&#8220; image_icon_background_color=&#8220;#0bbf86&#8243; icon_placement=&#8220;left&#8220; image_icon_width=&#8220;16px&#8220; content_max_width=&#8220;300px&#8220; _builder_version=&#8220;4.16&#8243; header_font=&#8220;Vollkorn|700||on|||||&#8220; header_text_color=&#8220;#000000&#8243; header_font_size=&#8220;11px&#8220; header_letter_spacing=&#8220;1px&#8220; header_line_height=&#8220;2em&#8220; body_font=&#8220;||||||||&#8220; body_font_size=&#8220;15px&#8220; body_line_height=&#8220;1.6em&#8220; image_icon_custom_padding=&#8220;8px|8px|8px|8px|false|false&#8220; width=&#8220;100%&#8220; custom_padding=&#8220;|||&#8220; animation=&#8220;off&#8220; border_radii=&#8220;on|10px|10px|10px|10px&#8220; border_radii_image=&#8220;on|100%|100%|100%|100%&#8220; use_circle=&#8220;on&#8220; circle_color=&#8220;#0bbf86&#8243; locked=&#8220;off&#8220; global_colors_info=&#8220;{}&#8220; image_icon_background_color__sticky_enabled=&#8220;#2ea3f2&#8243; image_icon_background_color__sticky=&#8220;#2ea3f2&#8243;]<p><span>Hofstatt 4<\/span>, <br \/>3100 St. P\u00f6lten<\/p>[\/et_pb_blurb][\/et_pb_column][\/et_pb_row][\/et_pb_section]","protected":false},"excerpt":{"rendered":"<p>Boria Supervision &amp; Coaching Dominik Boria Hofstatt 4, 3100 St. P\u00f6lten Supervision &amp; Coaching Die Adresse unserer Website ist: http:\/\/www.boria-supervision.at\u00a0 Datenschutz Der Schutz Ihrer pers\u00f6nlichen Daten ist uns ein besonderes Anliegen. Wir verarbeiten Ihre Daten daher ausschlie\u00dflich auf Grundlage der gesetzlichen Bestimmungen (DSGVO, TKG 2021). In dieser Datenschutzerkl\u00e4rung informieren wir Sie \u00fcber die wichtigsten Aspekte [&hellip;]<\/p>\n","protected":false},"author":1,"featured_media":0,"parent":0,"menu_order":0,"comment_status":"closed","ping_status":"closed","template":"","meta":{"_et_pb_use_builder":"on","_et_pb_old_content":"","_et_gb_content_width":"","footnotes":""},"class_list":["post-434","page","type-page","status-publish","hentry"],"_links":{"self":[{"href":"https:\/\/www.boria-supervision.at\/index.php?rest_route=\/wp\/v2\/pages\/434","targetHints":{"allow":["GET"]}}],"collection":[{"href":"https:\/\/www.boria-supervision.at\/index.php?rest_route=\/wp\/v2\/pages"}],"about":[{"href":"https:\/\/www.boria-supervision.at\/index.php?rest_route=\/wp\/v2\/types\/page"}],"author":[{"embeddable":true,"href":"https:\/\/www.boria-supervision.at\/index.php?rest_route=\/wp\/v2\/users\/1"}],"replies":[{"embeddable":true,"href":"https:\/\/www.boria-supervision.at\/index.php?rest_route=%2Fwp%2Fv2%2Fcomments&post=434"}],"version-history":[{"count":15,"href":"https:\/\/www.boria-supervision.at\/index.php?rest_route=\/wp\/v2\/pages\/434\/revisions"}],"predecessor-version":[{"id":782,"href":"https:\/\/www.boria-supervision.at\/index.php?rest_route=\/wp\/v2\/pages\/434\/revisions\/782"}],"wp:attachment":[{"href":"https:\/\/www.boria-supervision.at\/index.php?rest_route=%2Fwp%2Fv2%2Fmedia&parent=434"}],"curies":[{"name":"wp","href":"https:\/\/api.w.org\/{rel}","templated":true}]}}